{"id":650,"date":"2014-10-15T14:23:47","date_gmt":"2014-10-15T12:23:47","guid":{"rendered":"http:\/\/cristinamj.com\/?page_id=650"},"modified":"2022-11-13T15:52:31","modified_gmt":"2022-11-13T14:52:31","slug":"saludos","status":"publish","type":"page","link":"https:\/\/cristinamj.com\/en\/","title":{"rendered":"Hello"},"content":{"rendered":"<p>My name is Cristina Mart\u00ednez Jim\u00e9nez (a. k .a. &#8220;Cal\u00edtoe.:.&#8221; in the Internet).<br \/>\nI was born on the 2nd of November, 1978 and I am a Spanish citizen.<br \/>\nI am a polyglot with different levels of fluency and I hold a degree in Spanish Philology with a Diploma of Advanced Studies (Doctoral Studies), and the CAP (Course on Pedagogical Aptitude), among other diplomas.<br \/>\nI am an official tourist guide in Spain (registered in Galicia with license number GT-948-XG).<br \/>\nI have got international experience in translation and localisation, teaching ELE and ESL, coaching artistic gymnastics, weightlifting and CrossFit, podcasting, as a lab technician, as a personal assistant, working at a museum and editing web contents.<br \/>\nI have also been a life model for the fine arts and a photography model.<br \/>\nSometimes I sing, crochet and make soap too.<\/p>\n<p>Here I display the projects in which I participate. Thank you for your visit.<\/p>\n<p>\t\t\t\t<div class=\"jetpack-portfolio-shortcode column-3\">\n\t\t\t\t\t\t\t\t\t<div class=\"portfolio-entry portfolio-entry-column-3 type-principal portfolio-entry-mobile-first-item-row portfolio-entry-first-item-row\">\n\t\t\t\t\t\t<header class=\"portfolio-entry-header\">\n\t\t\t\t\t\t<a class=\"portfolio-featured-image\" href=\"https:\/\/cristinamj.com\/en\/portfolio\/modelaje\/\"><img loading=\"lazy\" decoding=\"async\" width=\"631\" height=\"631\" src=\"https:\/\/i0.wp.com\/cristinamj.com\/wp-content\/archivos\/taller_desnudo_artistico_zona5_edaf_7.11.2015-e1513094539639.jpg?fit=631%2C631&amp;ssl=1\" class=\"attachment-large size-large wp-post-image\" alt=\"\" srcset=\"https:\/\/i0.wp.com\/cristinamj.com\/wp-content\/archivos\/taller_desnudo_artistico_zona5_edaf_7.11.2015-e1513094539639.jpg?w=631&amp;ssl=1 631w, https:\/\/i0.wp.com\/cristinamj.com\/wp-content\/archivos\/taller_desnudo_artistico_zona5_edaf_7.11.2015-e1513094539639.jpg?resize=125%2C125&amp;ssl=1 125w, https:\/\/i0.wp.com\/cristinamj.com\/wp-content\/archivos\/taller_desnudo_artistico_zona5_edaf_7.11.2015-e1513094539639.jpg?resize=300%2C300&amp;ssl=1 300w, https:\/\/i0.wp.com\/cristinamj.com\/wp-content\/archivos\/taller_desnudo_artistico_zona5_edaf_7.11.2015-e1513094539639.jpg?resize=180%2C180&amp;ssl=1 180w, https:\/\/i0.wp.com\/cristinamj.com\/wp-content\/archivos\/taller_desnudo_artistico_zona5_edaf_7.11.2015-e1513094539639.jpg?resize=50%2C50&amp;ssl=1 50w\" sizes=\"auto, (max-width: 631px) 100vw, 631px\" \/><\/a>\n\t\t\t\t\t\t<h2 class=\"portfolio-entry-title\"><a href=\"https:\/\/cristinamj.com\/en\/portfolio\/modelaje\/\" title=\"Modelling\">Modelling<\/a><\/h2>\n\n\t\t\t\t\t\t\t<div class=\"portfolio-entry-meta\">\n\t\t\t\t\t\t\t<div class=\"project-types\"><span>Types:<\/span> <a href=\"https:\/\/cristinamj.com\/en\/project-type\/principal\/\" rel=\"tag\">Principal<\/a><\/div>\t\t\t\t\t\t\t<\/div>\n\n\t\t\t\t\t\t<\/header>\n\n\t\t\t\t\t\t\t\t\t\t<\/div><!-- close .portfolio-entry -->\n\t\t\t\t\t\t\t\t\t\t<div class=\"portfolio-entry portfolio-entry-column-3 type-principal portfolio-entry-mobile-last-item-row\">\n\t\t\t\t\t\t<header class=\"portfolio-entry-header\">\n\t\t\t\t\t\t<a class=\"portfolio-featured-image\" href=\"https:\/\/cristinamj.com\/en\/portfolio\/manualidades\/\"><img loading=\"lazy\" decoding=\"async\" width=\"600\" height=\"596\" src=\"https:\/\/i0.wp.com\/cristinamj.com\/wp-content\/archivos\/ganchillo_calitoe_cristinamj00019.jpg?fit=600%2C596&amp;ssl=1\" class=\"attachment-large size-large wp-post-image\" alt=\"\" srcset=\"https:\/\/i0.wp.com\/cristinamj.com\/wp-content\/archivos\/ganchillo_calitoe_cristinamj00019.jpg?w=600&amp;ssl=1 600w, https:\/\/i0.wp.com\/cristinamj.com\/wp-content\/archivos\/ganchillo_calitoe_cristinamj00019.jpg?resize=125%2C125&amp;ssl=1 125w, https:\/\/i0.wp.com\/cristinamj.com\/wp-content\/archivos\/ganchillo_calitoe_cristinamj00019.jpg?resize=300%2C298&amp;ssl=1 300w, https:\/\/i0.wp.com\/cristinamj.com\/wp-content\/archivos\/ganchillo_calitoe_cristinamj00019.jpg?resize=181%2C180&amp;ssl=1 181w, https:\/\/i0.wp.com\/cristinamj.com\/wp-content\/archivos\/ganchillo_calitoe_cristinamj00019.jpg?resize=50%2C50&amp;ssl=1 50w\" sizes=\"auto, (max-width: 600px) 100vw, 600px\" \/><\/a>\n\t\t\t\t\t\t<h2 class=\"portfolio-entry-title\"><a href=\"https:\/\/cristinamj.com\/en\/portfolio\/manualidades\/\" title=\"Crafts\">Crafts<\/a><\/h2>\n\n\t\t\t\t\t\t\t<div class=\"portfolio-entry-meta\">\n\t\t\t\t\t\t\t<div class=\"project-types\"><span>Types:<\/span> <a href=\"https:\/\/cristinamj.com\/en\/project-type\/principal\/\" rel=\"tag\">Principal<\/a><\/div>\t\t\t\t\t\t\t<\/div>\n\n\t\t\t\t\t\t<\/header>\n\n\t\t\t\t\t\t\t\t\t\t<\/div><!-- close .portfolio-entry -->\n\t\t\t\t\t\t\t\t\t\t<div class=\"portfolio-entry portfolio-entry-column-3 type-principal portfolio-entry-mobile-first-item-row portfolio-entry-last-item-row\">\n\t\t\t\t\t\t<header class=\"portfolio-entry-header\">\n\t\t\t\t\t\t<a class=\"portfolio-featured-image\" href=\"https:\/\/cristinamj.com\/en\/portfolio\/musica-y-artes-escenicas\/\"><img loading=\"lazy\" decoding=\"async\" width=\"600\" height=\"581\" src=\"https:\/\/i0.wp.com\/cristinamj.com\/wp-content\/archivos\/Mousse_Batavia_sincorona.jpg?fit=600%2C581&amp;ssl=1\" class=\"attachment-large size-large wp-post-image\" alt=\"\" srcset=\"https:\/\/i0.wp.com\/cristinamj.com\/wp-content\/archivos\/Mousse_Batavia_sincorona.jpg?w=600&amp;ssl=1 600w, https:\/\/i0.wp.com\/cristinamj.com\/wp-content\/archivos\/Mousse_Batavia_sincorona.jpg?resize=300%2C290&amp;ssl=1 300w\" sizes=\"auto, (max-width: 600px) 100vw, 600px\" \/><\/a>\n\t\t\t\t\t\t<h2 class=\"portfolio-entry-title\"><a href=\"https:\/\/cristinamj.com\/en\/portfolio\/musica-y-artes-escenicas\/\" title=\"Music and performing arts\">Music and performing arts<\/a><\/h2>\n\n\t\t\t\t\t\t\t<div class=\"portfolio-entry-meta\">\n\t\t\t\t\t\t\t<div class=\"project-types\"><span>Types:<\/span> <a href=\"https:\/\/cristinamj.com\/en\/project-type\/principal\/\" rel=\"tag\">Principal<\/a><\/div>\t\t\t\t\t\t\t<\/div>\n\n\t\t\t\t\t\t<\/header>\n\n\t\t\t\t\t\t\t\t\t\t<\/div><!-- close .portfolio-entry -->\n\t\t\t\t\t\t\t\t\t\t<div class=\"portfolio-entry portfolio-entry-column-3 type-principal portfolio-entry-mobile-last-item-row portfolio-entry-first-item-row\">\n\t\t\t\t\t\t<header class=\"portfolio-entry-header\">\n\t\t\t\t\t\t<a class=\"portfolio-featured-image\" href=\"https:\/\/cristinamj.com\/en\/portfolio\/deportes\/\"><img loading=\"lazy\" decoding=\"async\" width=\"640\" height=\"640\" src=\"https:\/\/i0.wp.com\/cristinamj.com\/wp-content\/archivos\/CrossFit_BattleofAranjuez2014_FotoIkoPB.jpg?fit=640%2C640&amp;ssl=1\" class=\"attachment-large size-large wp-post-image\" alt=\"\" srcset=\"https:\/\/i0.wp.com\/cristinamj.com\/wp-content\/archivos\/CrossFit_BattleofAranjuez2014_FotoIkoPB.jpg?w=640&amp;ssl=1 640w, https:\/\/i0.wp.com\/cristinamj.com\/wp-content\/archivos\/CrossFit_BattleofAranjuez2014_FotoIkoPB.jpg?resize=125%2C125&amp;ssl=1 125w, https:\/\/i0.wp.com\/cristinamj.com\/wp-content\/archivos\/CrossFit_BattleofAranjuez2014_FotoIkoPB.jpg?resize=300%2C300&amp;ssl=1 300w, https:\/\/i0.wp.com\/cristinamj.com\/wp-content\/archivos\/CrossFit_BattleofAranjuez2014_FotoIkoPB.jpg?resize=180%2C180&amp;ssl=1 180w, https:\/\/i0.wp.com\/cristinamj.com\/wp-content\/archivos\/CrossFit_BattleofAranjuez2014_FotoIkoPB.jpg?resize=50%2C50&amp;ssl=1 50w\" sizes=\"auto, (max-width: 640px) 100vw, 640px\" \/><\/a>\n\t\t\t\t\t\t<h2 class=\"portfolio-entry-title\"><a href=\"https:\/\/cristinamj.com\/en\/portfolio\/deportes\/\" title=\"Sports\">Sports<\/a><\/h2>\n\n\t\t\t\t\t\t\t<div class=\"portfolio-entry-meta\">\n\t\t\t\t\t\t\t<div class=\"project-types\"><span>Types:<\/span> <a href=\"https:\/\/cristinamj.com\/en\/project-type\/principal\/\" rel=\"tag\">Principal<\/a><\/div>\t\t\t\t\t\t\t<\/div>\n\n\t\t\t\t\t\t<\/header>\n\n\t\t\t\t\t\t\t\t\t\t<\/div><!-- close .portfolio-entry -->\n\t\t\t\t\t\t\t\t\t\t<div class=\"portfolio-entry portfolio-entry-column-3 type-principal portfolio-entry-mobile-first-item-row\">\n\t\t\t\t\t\t<header class=\"portfolio-entry-header\">\n\t\t\t\t\t\t<a class=\"portfolio-featured-image\" href=\"https:\/\/cristinamj.com\/en\/portfolio\/podcasts\/\"><img loading=\"lazy\" decoding=\"async\" width=\"840\" height=\"840\" src=\"https:\/\/i0.wp.com\/cristinamj.com\/wp-content\/archivos\/radio_milivoj-kuhar-540121-unsplash.jpg?fit=840%2C840&amp;ssl=1\" class=\"attachment-large size-large wp-post-image\" alt=\"\" srcset=\"https:\/\/i0.wp.com\/cristinamj.com\/wp-content\/archivos\/radio_milivoj-kuhar-540121-unsplash.jpg?w=2832&amp;ssl=1 2832w, https:\/\/i0.wp.com\/cristinamj.com\/wp-content\/archivos\/radio_milivoj-kuhar-540121-unsplash.jpg?resize=125%2C125&amp;ssl=1 125w, https:\/\/i0.wp.com\/cristinamj.com\/wp-content\/archivos\/radio_milivoj-kuhar-540121-unsplash.jpg?resize=300%2C300&amp;ssl=1 300w, https:\/\/i0.wp.com\/cristinamj.com\/wp-content\/archivos\/radio_milivoj-kuhar-540121-unsplash.jpg?resize=768%2C768&amp;ssl=1 768w, https:\/\/i0.wp.com\/cristinamj.com\/wp-content\/archivos\/radio_milivoj-kuhar-540121-unsplash.jpg?resize=1024%2C1024&amp;ssl=1 1024w, https:\/\/i0.wp.com\/cristinamj.com\/wp-content\/archivos\/radio_milivoj-kuhar-540121-unsplash.jpg?resize=800%2C800&amp;ssl=1 800w, https:\/\/i0.wp.com\/cristinamj.com\/wp-content\/archivos\/radio_milivoj-kuhar-540121-unsplash.jpg?resize=180%2C180&amp;ssl=1 180w, https:\/\/i0.wp.com\/cristinamj.com\/wp-content\/archivos\/radio_milivoj-kuhar-540121-unsplash.jpg?resize=50%2C50&amp;ssl=1 50w, https:\/\/i0.wp.com\/cristinamj.com\/wp-content\/archivos\/radio_milivoj-kuhar-540121-unsplash.jpg?w=1680&amp;ssl=1 1680w, https:\/\/i0.wp.com\/cristinamj.com\/wp-content\/archivos\/radio_milivoj-kuhar-540121-unsplash.jpg?w=2520&amp;ssl=1 2520w\" sizes=\"auto, (max-width: 840px) 100vw, 840px\" \/><\/a>\n\t\t\t\t\t\t<h2 class=\"portfolio-entry-title\"><a href=\"https:\/\/cristinamj.com\/en\/portfolio\/podcasts\/\" title=\"Podcasts\">Podcasts<\/a><\/h2>\n\n\t\t\t\t\t\t\t<div class=\"portfolio-entry-meta\">\n\t\t\t\t\t\t\t<div class=\"project-types\"><span>Types:<\/span> <a href=\"https:\/\/cristinamj.com\/en\/project-type\/principal\/\" rel=\"tag\">Principal<\/a><\/div>\t\t\t\t\t\t\t<\/div>\n\n\t\t\t\t\t\t<\/header>\n\n\t\t\t\t\t\t\t\t\t\t<\/div><!-- close .portfolio-entry -->\n\t\t\t\t\t\t\t\t\t\t<div class=\"portfolio-entry portfolio-entry-column-3 type-principal portfolio-entry-mobile-last-item-row portfolio-entry-last-item-row\">\n\t\t\t\t\t\t<header class=\"portfolio-entry-header\">\n\t\t\t\t\t\t<a class=\"portfolio-featured-image\" href=\"https:\/\/cristinamj.com\/en\/portfolio\/web\/\"><img loading=\"lazy\" decoding=\"async\" width=\"840\" height=\"840\" src=\"https:\/\/i0.wp.com\/cristinamj.com\/wp-content\/archivos\/diletante.net_v-9.1-e1280411777430.png?fit=840%2C840&amp;ssl=1\" class=\"attachment-large size-large wp-post-image\" alt=\"Diletante.net\" srcset=\"https:\/\/i0.wp.com\/cristinamj.com\/wp-content\/archivos\/diletante.net_v-9.1-e1280411777430.png?w=1204&amp;ssl=1 1204w, https:\/\/i0.wp.com\/cristinamj.com\/wp-content\/archivos\/diletante.net_v-9.1-e1280411777430.png?resize=125%2C125&amp;ssl=1 125w, https:\/\/i0.wp.com\/cristinamj.com\/wp-content\/archivos\/diletante.net_v-9.1-e1280411777430.png?resize=300%2C300&amp;ssl=1 300w, https:\/\/i0.wp.com\/cristinamj.com\/wp-content\/archivos\/diletante.net_v-9.1-e1280411777430.png?resize=1024%2C1024&amp;ssl=1 1024w\" sizes=\"auto, (max-width: 840px) 100vw, 840px\" \/><\/a>\n\t\t\t\t\t\t<h2 class=\"portfolio-entry-title\"><a href=\"https:\/\/cristinamj.com\/en\/portfolio\/web\/\" title=\"Web\">Web<\/a><\/h2>\n\n\t\t\t\t\t\t\t<div class=\"portfolio-entry-meta\">\n\t\t\t\t\t\t\t<div class=\"project-types\"><span>Types:<\/span> <a href=\"https:\/\/cristinamj.com\/en\/project-type\/principal\/\" rel=\"tag\">Principal<\/a><\/div>\t\t\t\t\t\t\t<\/div>\n\n\t\t\t\t\t\t<\/header>\n\n\t\t\t\t\t\t\t\t\t\t<\/div><!-- close .portfolio-entry -->\n\t\t\t\t\t\t\t\t\t<\/div><!-- close .jetpack-portfolio -->\n\t\t\t\t<\/p>","protected":false},"excerpt":{"rendered":"<p>My name is Cristina Mart\u00ednez Jim\u00e9nez (a. k .a. &#8220;Cal\u00edtoe.:.&#8221; in the Internet). I was born on the 2nd of November, 1978 and I am a Spanish citizen. I am a polyglot with different levels of fluency and I hold a degree in Spanish Philology with a Diploma of Advanced Studies (Doctoral Studies), and the&hellip;<\/p>\n","protected":false},"author":2,"featured_media":0,"parent":0,"menu_order":0,"comment_status":"closed","ping_status":"open","template":"","meta":{"footnotes":""},"class_list":["post-650","page","type-page","status-publish","hentry","portfolio-entry"],"jetpack-related-posts":[],"jetpack_sharing_enabled":false,"_links":{"self":[{"href":"https:\/\/cristinamj.com\/en\/wp-json\/wp\/v2\/pages\/650","targetHints":{"allow":["GET"]}}],"collection":[{"href":"https:\/\/cristinamj.com\/en\/wp-json\/wp\/v2\/pages"}],"about":[{"href":"https:\/\/cristinamj.com\/en\/wp-json\/wp\/v2\/types\/page"}],"author":[{"embeddable":true,"href":"https:\/\/cristinamj.com\/en\/wp-json\/wp\/v2\/users\/2"}],"replies":[{"embeddable":true,"href":"https:\/\/cristinamj.com\/en\/wp-json\/wp\/v2\/comments?post=650"}],"version-history":[{"count":5,"href":"https:\/\/cristinamj.com\/en\/wp-json\/wp\/v2\/pages\/650\/revisions"}],"predecessor-version":[{"id":1902,"href":"https:\/\/cristinamj.com\/en\/wp-json\/wp\/v2\/pages\/650\/revisions\/1902"}],"wp:attachment":[{"href":"https:\/\/cristinamj.com\/en\/wp-json\/wp\/v2\/media?parent=650"}],"curies":[{"name":"wp","href":"https:\/\/api.w.org\/{rel}","templated":true}]}}